{"id":4001,"date":"2024-07-18T12:30:53","date_gmt":"2024-07-18T12:30:53","guid":{"rendered":"https:\/\/alignexcellenceacademy.com\/?page_id=4001"},"modified":"2025-07-21T10:07:50","modified_gmt":"2025-07-21T10:07:50","slug":"privacidad","status":"publish","type":"page","link":"https:\/\/alignexcellenceacademy.com\/en\/privacidad","title":{"rendered":"Pol\u00edtica de privacidad"},"content":{"rendered":"<div data-elementor-type=\"wp-page\" data-elementor-id=\"4001\" class=\"elementor elementor-4001\">\n\t\t\t\t<div class=\"elementor-element elementor-element-a93cfe6 e-flex e-con-boxed e-con e-parent\" data-id=\"a93cfe6\" data-element_type=\"container\">\n\t\t\t\t\t<div class=\"e-con-inner\">\n\t\t\t\t<div class=\"elementor-element elementor-element-a74e6fe elementor-widget elementor-widget-heading\" data-id=\"a74e6fe\" data-element_type=\"widget\" data-widget_type=\"heading.default\">\n\t\t\t\t<div class=\"elementor-widget-container\">\n\t\t\t<style>\/*! elementor - v3.23.0 - 15-07-2024 *\/\n.elementor-heading-title{padding:0;margin:0;line-height:1}.elementor-widget-heading .elementor-heading-title[class*=elementor-size-]>a{color:inherit;font-size:inherit;line-height:inherit}.elementor-widget-heading .elementor-heading-title.elementor-size-small{font-size:15px}.elementor-widget-heading .elementor-heading-title.elementor-size-medium{font-size:19px}.elementor-widget-heading .elementor-heading-title.elementor-size-large{font-size:29px}.elementor-widget-heading .elementor-heading-title.elementor-size-xl{font-size:39px}.elementor-widget-heading .elementor-heading-title.elementor-size-xxl{font-size:59px}<\/style><h2 class=\"elementor-heading-title elementor-size-default\">Pol\u00edtica de privacidad<br><b>&nbsp;<\/b><br><b>\u201cAlign Excellence Academy\u201d<\/b><\/h2>\t\t<\/div>\n\t\t\t\t<\/div>\n\t\t\t\t<div class=\"elementor-element elementor-element-fc449bd elementor-widget elementor-widget-text-editor\" data-id=\"fc449bd\" data-element_type=\"widget\" data-widget_type=\"text-editor.default\">\n\t\t\t\t<div class=\"elementor-widget-container\">\n\t\t\t<style>\/*! elementor - v3.23.0 - 15-07-2024 *\/\n.elementor-widget-text-editor.elementor-drop-cap-view-stacked .elementor-drop-cap{background-color:#69727d;color:#fff}.elementor-widget-text-editor.elementor-drop-cap-view-framed .elementor-drop-cap{color:#69727d;border:3px solid;background-color:transparent}.elementor-widget-text-editor:not(.elementor-drop-cap-view-default) .elementor-drop-cap{margin-top:8px}.elementor-widget-text-editor:not(.elementor-drop-cap-view-default) .elementor-drop-cap-letter{width:1em;height:1em}.elementor-widget-text-editor .elementor-drop-cap{float:left;text-align:center;line-height:1;font-size:50px}.elementor-widget-text-editor .elementor-drop-cap-letter{display:inline-block}<\/style>\t\t\t\t<ol><li style=\"font-weight: 400;\" aria-level=\"1\"><b>INTRODUCCI\u00d3N<\/b><\/li><\/ol><p><b>EPIKA COMUNICACI\u00d3N, S.L.U.<\/b><span style=\"font-weight: 400;\"> (en adelante, EPIKA), con domicilio en C\/ Serrano 42 4\u00ba A, 28001, Madrid. correo electr\u00f3nico: <\/span><span style=\"font-weight: 400;\">hola@epikacomunicaci<\/span><span style=\"font-weight: 400;\">on.com<\/span><span style=\"font-weight: 400;\"> y con CIF: B-67963710 manifiesta su respeto y cumplimiento de las disposiciones recogidas en el Reglamento General de Protecci\u00f3n de Datos (Reglamento EU 2016\/679 del Parlamento Europeo y del Consejo de 27 de abril de 2016) y la Ley Org\u00e1nica 3\/2018, de 5 de diciembre y normativa de desarrollo.\u00a0<\/span><\/p><ol><li style=\"font-weight: 400;\" aria-level=\"1\"><b>TITULARIDAD\u00a0<\/b><\/li><\/ol><p><span style=\"font-weight: 400;\">Pese a que la p\u00e1gina web es titularidad de EPIKA, los datos que Usted introduzca a trav\u00e9s de la p\u00e1gina web, as\u00ed como los que pudiera facilitar en el futuro en el marco de su relaci\u00f3n jur\u00eddica, ser\u00e1n recogidos en un fichero de <\/span><span style=\"font-weight: 400;\">Align Technology Switzerland GmbH con CIF CHE-146.357.660 con direcci\u00f3n fiscal en MWST Suurstoffi 22 6343 Rotkreuz &#8211; Switzerland. En adelante, Align.<\/span><\/p><p><span style=\"font-weight: 400;\">EPIKA no es titular de los datos y es un mero prestador de servicios de Align. Dicha relaci\u00f3n est\u00e1 regulada en el pertinente contrato que establece los t\u00e9rminos y condiciones de dicha gesti\u00f3n.<\/span><\/p><ol><li style=\"font-weight: 400;\" aria-level=\"1\"><b>FINALIDADES Y DESTINATARIOS<\/b><\/li><\/ol><p><span style=\"font-weight: 400;\">El fichero titularidad de Align tiene la finalidad de ponerse en contacto con Usted, gestionar, administrar y facilitar su asistencia al evento \u201cAlign Excellence Academy\u201d, as\u00ed como enviarle informaci\u00f3n administrativa, organizativa y de seguimiento relacionada con el mismo u otros eventos futuros.<\/span><\/p><p><span style=\"font-weight: 400;\">Los destinatarios de la informaci\u00f3n recogida ser\u00e1n los propios empleados de Align, o EPIKA como mera organizadora del evento. EPIKA est\u00e1 vinculada por un contrato de prestaci\u00f3n de servicios en el que expresamente se recogen obligaciones equivalentes de privacidad y protecci\u00f3n de datos que las exigidas para los propios empleados de Align y de conformidad con la normativa aplicable.<\/span><\/p><ol><li style=\"font-weight: 400;\" aria-level=\"1\"><b>DATOS VOLUNTARIOS Y OBLIGATORIOS<\/b><\/li><\/ol><p><span style=\"font-weight: 400;\">Salvo en los campos en que expresamente se determine lo contrario por medio de un asterisco (*), las respuestas a las preguntas sobre datos personales son voluntarias, sin que la falta de contestaci\u00f3n a dichas preguntas conlleve ninguna consecuencia. La falta de cumplimentaci\u00f3n de los campos determinados como obligatorios o el suministro de datos incorrectos imposibilitar\u00e1 que se le pueda facilitar su asistencia al evento \u201cAlign Stars Experience\u201d o cualquier comunicaci\u00f3n con Usted.<\/span><\/p><ol><li style=\"font-weight: 400;\" aria-level=\"1\"><b>LEGITIMACI\u00d3N<\/b><\/li><\/ol><p><span style=\"font-weight: 400;\">La base jur\u00eddica en la que se ampara el tratamiento de los datos es su consentimiento cuando acepte la Pol\u00edtica de Privacidad. Antes de la aceptaci\u00f3n de la Pol\u00edtica de Privacidad, ning\u00fan dato de car\u00e1cter personal relativo a su persona ser\u00e1 incorporado al fichero del evento.<\/span><\/p><ol><li style=\"font-weight: 400;\" aria-level=\"1\"><b>CONSERVACI\u00d3N DE LOS DATOS<\/b><\/li><\/ol><p><span style=\"font-weight: 400;\">Los datos se conservar\u00e1n durante el plazo legalmente exigible para que Align o EPIKA cumplan sus obligaciones jur\u00eddicas. Durante ese tiempo solo se usar\u00e1n para la finalidad antedicha. Concluidos los plazos legales, los datos ser\u00e1n eliminados.<\/span><\/p><ol><li style=\"font-weight: 400;\" aria-level=\"1\"><b>DERECHOS<\/b><\/li><\/ol><p><span style=\"font-weight: 400;\">Usted tendr\u00e1 la posibilidad de ejercer sus derechos de acceso, rectificaci\u00f3n, cancelaci\u00f3n, revocaci\u00f3n del consentimiento, portabilidad de los datos, limitaci\u00f3n y oposici\u00f3n solicit\u00e1ndolo por cualquier medio que deje constancia de su env\u00edo y de su recepci\u00f3n y remitiendo copia de su DNI o documento equivalente. Para ejercer sus derechos, podr\u00e1 dirigirse por escrito a la direcci\u00f3n postal de EPIKA indicada al inicio de la presente Pol\u00edtica de Privacidad<\/span> <span style=\"font-weight: 400;\">o a la direcci\u00f3n de correo electr\u00f3nico <\/span><a href=\"mailto:hola@epikacomunicacion.com\"><span style=\"font-weight: 400;\">hola@epikacomunicacion.com<\/span><\/a><span style=\"font-weight: 400;\">; ref: protecci\u00f3n de datos. Igualmente, en cualquier momento Usted podr\u00e1 revocar, sin efectos retroactivos, su consentimiento para el tratamiento de sus datos.<\/span><\/p><p><span style=\"font-weight: 400;\">Usted siempre podr\u00e1 reclamar ante la Agencia Espa\u00f1ola de Protecci\u00f3n de Datos, si considera que sus derechos han sido vulnerados o no han sido correctamente atendidos.<\/span><\/p><ol><li style=\"font-weight: 400;\" aria-level=\"1\"><b>SEGURIDAD<\/b><\/li><\/ol><p><span style=\"font-weight: 400;\">Align y EPIKA mantienen los niveles de protecci\u00f3n de sus datos personales conforme a la normativa vigente en materia de medidas de seguridad y ha implantado todos los medios t\u00e9cnicos a su alcance para evitar la p\u00e9rdida, mal uso, alteraci\u00f3n, acceso no autorizado y robo de los datos que Usted facilite, sin perjuicio de que las medidas de seguridad en Internet no sean inexpugnables.<\/span><\/p><ol><li style=\"font-weight: 400;\" aria-level=\"1\"><b>MODIFICACI\u00d3N<\/b><\/li><\/ol><p><span style=\"font-weight: 400;\">EPIKA se reserva la facultad de modificar la presente Pol\u00edtica de Privacidad para adaptarla a las novedades legislativas, jurisprudenciales o de interpretaci\u00f3n de la Agencia Espa\u00f1ola de Protecci\u00f3n de Datos. En este caso, EPIKA anunciar\u00e1 dichos cambios, indicando claramente y con la debida antelaci\u00f3n las modificaciones efectuadas y solicitando, en caso de que sea necesario, su aceptaci\u00f3n de dichos cambios.<\/span><\/p><ol><li style=\"font-weight: 400;\" aria-level=\"1\"><b>DATOS DE TERCEROS<\/b><\/li><\/ol><p><span style=\"font-weight: 400;\">Si Usted tuviese que facilitar datos de terceros, deber\u00e1 asegurarse de contar con el consentimiento expreso de dicho tercero para facilitar dichos datos de car\u00e1cter personal, habi\u00e9ndole informado de a qui\u00e9n se van a facilitar los datos, con qu\u00e9 finalidades y la posibilidad de que Align se ponga en contacto con ellos.\u00a0<\/span><\/p><ol><li style=\"font-weight: 400;\" aria-level=\"1\"><b>RESPONSABILIDAD<\/b><\/li><\/ol><p><span style=\"font-weight: 400;\">Le instamos a que revise la informaci\u00f3n que facilita para evitar errores, inexactitudes o falta de vigencia en los mismos. En caso de detectar alg\u00fan error o falta de vigencia, le rogamos nos informe a trav\u00e9s de los medios de comunicaci\u00f3n mencionados previamente o los modifique, para evitar da\u00f1os y perjuicios a EPIKA.\u00a0<\/span><\/p>\t\t\t\t\t\t<\/div>\n\t\t\t\t<\/div>\n\t\t\t\t\t<\/div>\n\t\t\t\t<\/div>\n\t\t\t\t<\/div>","protected":false},"excerpt":{"rendered":"<p>Pol\u00edtica de privacidad&nbsp;\u201cAlign Excellence Academy\u201d INTRODUCCI\u00d3N EPIKA COMUNICACI\u00d3N, S.L.U. (en adelante, EPIKA), con domicilio en C\/ Serrano 42 4\u00ba A, 28001, Madrid. correo electr\u00f3nico: hola@epikacomunicacion.com y con CIF: B-67963710 manifiesta su respeto y cumplimiento de las disposiciones recogidas en el Reglamento General de Protecci\u00f3n de Datos (Reglamento EU 2016\/679 del Parlamento Europeo y del Consejo [&hellip;]<\/p>","protected":false},"author":1,"featured_media":0,"parent":0,"menu_order":0,"comment_status":"closed","ping_status":"closed","template":"elementor_header_footer","meta":{"footnotes":""},"class_list":["post-4001","page","type-page","status-publish","hentry"],"_links":{"self":[{"href":"https:\/\/alignexcellenceacademy.com\/en\/wp-json\/wp\/v2\/pages\/4001","targetHints":{"allow":["GET"]}}],"collection":[{"href":"https:\/\/alignexcellenceacademy.com\/en\/wp-json\/wp\/v2\/pages"}],"about":[{"href":"https:\/\/alignexcellenceacademy.com\/en\/wp-json\/wp\/v2\/types\/page"}],"author":[{"embeddable":true,"href":"https:\/\/alignexcellenceacademy.com\/en\/wp-json\/wp\/v2\/users\/1"}],"replies":[{"embeddable":true,"href":"https:\/\/alignexcellenceacademy.com\/en\/wp-json\/wp\/v2\/comments?post=4001"}],"version-history":[{"count":22,"href":"https:\/\/alignexcellenceacademy.com\/en\/wp-json\/wp\/v2\/pages\/4001\/revisions"}],"predecessor-version":[{"id":4248,"href":"https:\/\/alignexcellenceacademy.com\/en\/wp-json\/wp\/v2\/pages\/4001\/revisions\/4248"}],"wp:attachment":[{"href":"https:\/\/alignexcellenceacademy.com\/en\/wp-json\/wp\/v2\/media?parent=4001"}],"curies":[{"name":"wp","href":"https:\/\/api.w.org\/{rel}","templated":true}]}}