{"id":4037,"date":"2024-07-18T12:53:47","date_gmt":"2024-07-18T12:53:47","guid":{"rendered":"https:\/\/alignexcellenceacademy.com\/?page_id=4037"},"modified":"2025-07-15T07:53:38","modified_gmt":"2025-07-15T07:53:38","slug":"condiciones","status":"publish","type":"page","link":"https:\/\/alignexcellenceacademy.com\/en\/condiciones","title":{"rendered":"condiciones"},"content":{"rendered":"<div data-elementor-type=\"wp-page\" data-elementor-id=\"4037\" class=\"elementor elementor-4037\">\n\t\t\t\t<div class=\"elementor-element elementor-element-53d6d22 e-flex e-con-boxed e-con e-parent\" data-id=\"53d6d22\" data-element_type=\"container\">\n\t\t\t\t\t<div class=\"e-con-inner\">\n\t\t\t\t<div class=\"elementor-element elementor-element-845e598 elementor-widget elementor-widget-heading\" data-id=\"845e598\" data-element_type=\"widget\" data-widget_type=\"heading.default\">\n\t\t\t\t<div class=\"elementor-widget-container\">\n\t\t\t<style>\/*! elementor - v3.23.0 - 15-07-2024 *\/\n.elementor-heading-title{padding:0;margin:0;line-height:1}.elementor-widget-heading .elementor-heading-title[class*=elementor-size-]>a{color:inherit;font-size:inherit;line-height:inherit}.elementor-widget-heading .elementor-heading-title.elementor-size-small{font-size:15px}.elementor-widget-heading .elementor-heading-title.elementor-size-medium{font-size:19px}.elementor-widget-heading .elementor-heading-title.elementor-size-large{font-size:29px}.elementor-widget-heading .elementor-heading-title.elementor-size-xl{font-size:39px}.elementor-widget-heading .elementor-heading-title.elementor-size-xxl{font-size:59px}<\/style><h2 class=\"elementor-heading-title elementor-size-default\">CONDICIONES GENERALES DE USO\n\n\u201cAlign Excellence Academy\u201d<\/h2>\t\t<\/div>\n\t\t\t\t<\/div>\n\t\t\t\t<div class=\"elementor-element elementor-element-acd87ff elementor-widget elementor-widget-text-editor\" data-id=\"acd87ff\" data-element_type=\"widget\" data-widget_type=\"text-editor.default\">\n\t\t\t\t<div class=\"elementor-widget-container\">\n\t\t\t<style>\/*! elementor - v3.23.0 - 15-07-2024 *\/\n.elementor-widget-text-editor.elementor-drop-cap-view-stacked .elementor-drop-cap{background-color:#69727d;color:#fff}.elementor-widget-text-editor.elementor-drop-cap-view-framed .elementor-drop-cap{color:#69727d;border:3px solid;background-color:transparent}.elementor-widget-text-editor:not(.elementor-drop-cap-view-default) .elementor-drop-cap{margin-top:8px}.elementor-widget-text-editor:not(.elementor-drop-cap-view-default) .elementor-drop-cap-letter{width:1em;height:1em}.elementor-widget-text-editor .elementor-drop-cap{float:left;text-align:center;line-height:1;font-size:50px}.elementor-widget-text-editor .elementor-drop-cap-letter{display:inline-block}<\/style>\t\t\t\t<ul><li aria-level=\"1\"><p><b>TITULARIDAD<\/b><\/p><\/li><\/ul><p><span style=\"font-weight: 400;\">EPIKA COMUNICACI\u00d3N, S.L.U. (en adelante, EPIKA), con domicilio en C\/ Serrano 42 4\u00ba A, 28001 Madrid Espa\u00f1a, correo electr\u00f3nico: <\/span><a href=\"mailto:hola@epikacomunicacion.com\"><span style=\"font-weight: 400;\">hola@epikacomunicacion.com<\/span><\/a><span style=\"font-weight: 400;\"> y con CIF: B-67963710, inscrita en el Registro Mercantil de Madrid al tomo 43098, Folio 180, Hoja M-761600, es la titular de la presente <\/span><i><span style=\"font-weight: 400;\">landing page<\/span><\/i><span style=\"font-weight: 400;\">.<\/span><\/p><ul><li aria-level=\"1\"><p><b>OBJETO<\/b><\/p><\/li><\/ul><p><span style=\"font-weight: 400;\">EPIKA es la titular de la <\/span><i><span style=\"font-weight: 400;\">landing page<\/span><\/i><span style=\"font-weight: 400;\"> a la que Usted est\u00e1 accediendo y en las presentes condiciones se recogen los t\u00e9rminos y condiciones aplicables a quienes accedan a la misma.\u00a0<\/span><\/p><p><span style=\"font-weight: 400;\">Por ello, si los t\u00e9rminos detallados en estas Condiciones Generales de Uso (en adelante, CGU) no son de su conformidad, rogamos no haga uso de la <\/span><i><span style=\"font-weight: 400;\">landing page<\/span><\/i><span style=\"font-weight: 400;\"> de EPIKA, ya que la mera navegaci\u00f3n est\u00e1 sujeta a las mismas.<\/span><\/p><p><span style=\"font-weight: 400;\">EPIKA tiene por objeto promocionar las actividades que realiza y los servicios que presta, por lo que la informaci\u00f3n que se facilita, salvo manifestaci\u00f3n en contrario, lo es s\u00f3lo a dichos efectos promocionales y, en concreto para facilitar su participaci\u00f3n en el evento \u201cAlign Excellence Academy\u201d.<\/span><\/p><ul><li aria-level=\"1\"><p><b>EVENTO<\/b><\/p><\/li><\/ul><p><span style=\"font-weight: 400;\">El objetivo de esta <\/span><i><span style=\"font-weight: 400;\">landing page<\/span><\/i><span style=\"font-weight: 400;\"> es organizar el evento \u201c<\/span>Align Excellence Academy<span style=\"font-weight: 400;\">\u201d.\u00a0 La aceptaci\u00f3n de la asistencia al evento es voluntaria y estar\u00e1 sujeta a las condiciones que se recogen a continuaci\u00f3n.\u00a0<\/span><\/p><p><span style=\"font-weight: 400;\">El evento de EPIKA est\u00e1 dirigido a mayores de edad. Con la aceptaci\u00f3n de las CGU, el Usuario confirma tener m\u00e1s de 18 a\u00f1os.<\/span><\/p><ul><li aria-level=\"1\"><p><b>ALTA EN EL EVENTO\u00a0<\/b><\/p><\/li><\/ul><p><span style=\"font-weight: 400;\">Cada Usuario que desee asistir al evento organizado por EPIKA deber\u00e1 completar un formulario con sus datos, aceptando tanto las presentes CGU como la Pol\u00edtica de Privacidad y de <\/span><i><span style=\"font-weight: 400;\">Cookies.<\/span><\/i><span style=\"font-weight: 400;\">\u00a0<\/span><\/p><ul><li aria-level=\"1\"><p><b>RESPONSABILIDADES DE LOS USUARIOS<\/b><\/p><\/li><\/ul><p><span style=\"font-weight: 400;\">El Usuario se compromete a utilizar la <\/span><i><span style=\"font-weight: 400;\">landing page<\/span><\/i><span style=\"font-weight: 400;\"> de EPIKA de acuerdo con las CGU y la mera utilizaci\u00f3n de los mismos implicar\u00e1 la aceptaci\u00f3n de lo establecido en ellas. Igualmente se compromete a cumplir las normas en relaci\u00f3n con la asistencia al evento.<\/span><\/p><p><span style=\"font-weight: 400;\">El Usuario se obliga a utilizar esta <\/span><i><span style=\"font-weight: 400;\">landing page<\/span><\/i><span style=\"font-weight: 400;\"> de forma diligente, correcta y respetuosa. El Usuario se compromete a facilitar datos correctos y veraces a EPIKA, oblig\u00e1ndose a notificar cualquier cambio o modificaci\u00f3n que se produzca en los mismos. El Usuario se abstendr\u00e1 de actuar contra su imagen, buen nombre y reputaci\u00f3n o la que cualquiera de los Usuarios de la <\/span><i><span style=\"font-weight: 400;\">landing page.<\/span><\/i><span style=\"font-weight: 400;\"> El Usuario responder\u00e1 legalmente ante EPIKA por cualquier incumplimiento de las obligaciones antedichas.\u00a0<\/span><\/p><p><span style=\"font-weight: 400;\">En todo caso, el Usuario reconoce expresamente y acepta la utilizaci\u00f3n de la <\/span><i><span style=\"font-weight: 400;\">landing page<\/span><\/i><span style=\"font-weight: 400;\">, as\u00ed como la asistencia al evento exclusivamente bajo su responsabilidad y con conocimiento de los riesgos existentes.\u00a0<\/span><\/p><ul><li aria-level=\"1\"><p><b>LIMITACI\u00d3N DE RESPONSABILIDADES<\/b><\/p><\/li><\/ul><p><span style=\"font-weight: 400;\">Uso incorrecto<\/span><span style=\"font-weight: 400;\">: El uso correcto de la <\/span><i><span style=\"font-weight: 400;\">landing page <\/span><\/i><span style=\"font-weight: 400;\">as\u00ed como de los medios puestos a disposici\u00f3n por EPIKA para la asistencia al evento son responsabilidad de quien realiza estas acciones, no siendo responsable EPIKA por el uso incorrecto, il\u00edcito o negligente que del mismo pudiere hacer el Usuario.<\/span><\/p><p><span style=\"font-weight: 400;\">Utilizaci\u00f3n de los contenidos y realizaci\u00f3n del evento<\/span><span style=\"font-weight: 400;\">: EPIKA facilita todos los contenidos de buena fe y realizar\u00e1 sus mejores esfuerzos para que los mismos est\u00e9n permanentemente actualizados y vigentes; no obstante, EPIKA no se responsabiliza de la actualizaci\u00f3n, errores o vigencia de los contenidos o en la realizaci\u00f3n del evento. Igualmente, EPIKA no puede asumir responsabilidad alguna respecto al uso o acceso que realicen los Usuarios fuera del \u00e1mbito al que se dirige EPIKA, ni de las consecuencias que pudiera acarrear la aplicaci\u00f3n pr\u00e1ctica de las opiniones a las que se pueda acceder a trav\u00e9s de EPIKA, cuya responsabilidad final recaer\u00e1 siempre sobre el Usuario.<\/span><\/p><p><span style=\"font-weight: 400;\">Asimismo, EPIKA no puede controlar los contenidos que hayan sido elaborados por terceros y, por tanto, no responder\u00e1 en ning\u00fan caso de los da\u00f1os que pudieran causarse por dichos contenidos de terceros.<\/span><\/p><p><span style=\"font-weight: 400;\">Incidencias: <\/span><span style=\"font-weight: 400;\">EPIKA no puede garantizar que no pueda producirse alg\u00fan fallo o error en la <\/span><i><span style=\"font-weight: 400;\">landing page <\/span><\/i><span style=\"font-weight: 400;\">o en la realizaci\u00f3n del evento. EPIKA no se responsabiliza por tanto de dichos fallos o errores, pero usar\u00e1 todos los medios a su alcance para corregir o subsanar dichos fallos y\/o errores una vez los detecte o le sean notificados por terceros.<\/span><\/p><p><span style=\"font-weight: 400;\">Fallos tecnol\u00f3gicos<\/span><span style=\"font-weight: 400;\">: EPIKA ha concluido todos los contratos necesarios para la continuidad de la emisi\u00f3n durante la realizaci\u00f3n del evento y realizar\u00e1 sus mejores esfuerzos para que la misma no sufra interrupciones, pero no puede garantizar la ausencia de fallos tecnol\u00f3gicos, ni la permanente disponibilidad del mismo y, en consecuencia, no asume responsabilidad alguna por los da\u00f1os y perjuicios que puedan generarse por la falta de disponibilidad y por los fallos en el acceso ocasionados por desconexiones, aver\u00edas, sobrecargas o ca\u00eddas de la red no imputables a EPIKA.<\/span><\/p><p><span style=\"font-weight: 400;\">Modificaci\u00f3n\/supresi\u00f3n del evento:<\/span><span style=\"font-weight: 400;\"> El Usuario no podr\u00e1 reclamar a EPIKA por la eliminaci\u00f3n o modificaci\u00f3n del evento cuando por cuestiones internas o por cuestiones de terceros implicados en la ejecuci\u00f3n del evento, EPIKA decida modificar o no continuar con su realizaci\u00f3n o emisi\u00f3n.<\/span><\/p><p><span style=\"font-weight: 400;\">Seguridad<\/span><span style=\"font-weight: 400;\">: EPIKA se compromete a aplicar todas las medidas necesarias para intentar evitar la ausencia de virus, gusanos, caballos de Troya y elementos similares. No obstante, estas medidas no son infalibles y por ello EPIKA no puede asegurar totalmente la ausencia de dichos elementos nocivos. En consecuencia, EPIKA no ser\u00e1 responsable de los da\u00f1os que los mismos pudieran producir al Usuario.<\/span><\/p><p><span style=\"font-weight: 400;\">EPIKA est\u00e1 dotada de medidas de seguridad para su uso pac\u00edfico, sin embargo, dichas medidas no son inexpugnables, por lo que EPIKA no se responsabiliza de los da\u00f1os que pueda sufrir el Usuario derivados de su conexi\u00f3n a la <\/span><i><span style=\"font-weight: 400;\">landing page<\/span><\/i><span style=\"font-weight: 400;\"> o al evento.<\/span><\/p><p><span style=\"font-weight: 400;\">Mantenimiento de la <\/span><i><span style=\"font-weight: 400;\">landing page<\/span><\/i><span style=\"font-weight: 400;\">: EPIKA se reserva el derecho a suspender temporalmente la prestaci\u00f3n del servicio sin previo aviso al Usuario, siempre y cuando sea necesario para efectuar operaciones de mantenimiento, actualizaci\u00f3n o mejora del servicio.<\/span><\/p><p><span style=\"font-weight: 400;\">Modificaciones del evento<\/span><span style=\"font-weight: 400;\">: EPIKA se reserva el derecho a cambiar tanto el contenido, ubicaci\u00f3n, fecha y hora del evento, siempre que exista una causa justificada para ello. Dicha modificaci\u00f3n no generar\u00e1 ning\u00fan derecho de compensaci\u00f3n al Usuario, aunque ello suponga que el Usuario no pueda participar en el evento.<\/span><\/p><p><span style=\"font-weight: 400;\">Participaci\u00f3n presencial<\/span><span style=\"font-weight: 400;\">: Los asistentes al evento se comprometen a acatar todas las normas de acceso al local, especialmente las sanitarias que se determinen. EPIKA se reserva el derecho a no permitir el acceso al local a las personas que no cumplan con las indicaciones especificadas, especialmente las de tipo sanitario.\u00a0<\/span><\/p><ol><li style=\"font-weight: 400;\" aria-level=\"1\"><p><b>PROPIEDAD INTELECTUAL E INDUSTRIAL<\/b><\/p><\/li><\/ol><p><span style=\"font-weight: 400;\">EPIKA declara y garantiza que ostenta todos los derechos necesarios para la organizaci\u00f3n difusi\u00f3n y organizaci\u00f3n del evento y que pudieran ser susceptibles de estar protegidos en virtud de la legislaci\u00f3n aplicable en materia de Propiedad Intelectual, Patentes y Marcas. Asimismo, declara que los productos o servicios mostrados en el evento no infringen ning\u00fan derecho de otras personas f\u00edsicas o jur\u00eddicas, ni es il\u00edcito ni ofensivo y se ajusta a la legislaci\u00f3n general o espec\u00edfica reguladora de aplicaci\u00f3n, contando con la licencia o autorizaci\u00f3n, en su caso, exigida por la legislaci\u00f3n vigente en la materia.<\/span><\/p><ul><li aria-level=\"1\"><p><b>LEY APLICABLE Y JURISDICCI\u00d3N<\/b><\/p><\/li><\/ul><p><span style=\"font-weight: 400;\">La ley aplicable para cualquier cuesti\u00f3n relacionada con las CGU o el evento ser\u00e1 la ley espa\u00f1ola.<\/span><\/p><p><span style=\"font-weight: 400;\">Para la resoluci\u00f3n de cualquier conflicto que pueda surgir en relaci\u00f3n con las presentes condiciones y la ejecuci\u00f3n del evento, el Usuario y EPIKA acuerdan someterse a los Juzgados y Tribunales del domicilio del Usuario, siempre que el mismo est\u00e9 situado en Espa\u00f1a; en caso contrario, EPIKA y el Usuario acuerdan someterse a los Juzgados y Tribunales de Madrid.<\/span><\/p>\t\t\t\t\t\t<\/div>\n\t\t\t\t<\/div>\n\t\t\t\t\t<\/div>\n\t\t\t\t<\/div>\n\t\t\t\t<\/div>","protected":false},"excerpt":{"rendered":"<p>CONDICIONES GENERALES DE USO \u201cAlign Excellence Academy\u201d TITULARIDAD EPIKA COMUNICACI\u00d3N, S.L.U. (en adelante, EPIKA), con domicilio en C\/ Serrano 42 4\u00ba A, 28001 Madrid Espa\u00f1a, correo electr\u00f3nico: hola@epikacomunicacion.com y con CIF: B-67963710, inscrita en el Registro Mercantil de Madrid al tomo 43098, Folio 180, Hoja M-761600, es la titular de la presente landing page. OBJETO [&hellip;]<\/p>","protected":false},"author":1,"featured_media":0,"parent":0,"menu_order":0,"comment_status":"closed","ping_status":"closed","template":"elementor_header_footer","meta":{"footnotes":""},"class_list":["post-4037","page","type-page","status-publish","hentry"],"_links":{"self":[{"href":"https:\/\/alignexcellenceacademy.com\/en\/wp-json\/wp\/v2\/pages\/4037","targetHints":{"allow":["GET"]}}],"collection":[{"href":"https:\/\/alignexcellenceacademy.com\/en\/wp-json\/wp\/v2\/pages"}],"about":[{"href":"https:\/\/alignexcellenceacademy.com\/en\/wp-json\/wp\/v2\/types\/page"}],"author":[{"embeddable":true,"href":"https:\/\/alignexcellenceacademy.com\/en\/wp-json\/wp\/v2\/users\/1"}],"replies":[{"embeddable":true,"href":"https:\/\/alignexcellenceacademy.com\/en\/wp-json\/wp\/v2\/comments?post=4037"}],"version-history":[{"count":17,"href":"https:\/\/alignexcellenceacademy.com\/en\/wp-json\/wp\/v2\/pages\/4037\/revisions"}],"predecessor-version":[{"id":4127,"href":"https:\/\/alignexcellenceacademy.com\/en\/wp-json\/wp\/v2\/pages\/4037\/revisions\/4127"}],"wp:attachment":[{"href":"https:\/\/alignexcellenceacademy.com\/en\/wp-json\/wp\/v2\/media?parent=4037"}],"curies":[{"name":"wp","href":"https:\/\/api.w.org\/{rel}","templated":true}]}}